{"id":13,"date":"2023-07-21T18:06:59","date_gmt":"2023-07-21T16:06:59","guid":{"rendered":"https:\/\/tvs24.ru\/fr\/?page_id=13"},"modified":"2023-07-26T20:14:23","modified_gmt":"2023-07-26T18:14:23","slug":"accueil","status":"publish","type":"page","link":"https:\/\/tvs24.ru\/fr\/","title":{"rendered":""},"content":{"rendered":"<p>TVS24 est un service h\u00e9berg\u00e9 en Russie, dirig\u00e9 par des citoyens russes vivant en Russie (\u00e0 Moscou et en Sib\u00e9rie). Le contenu des vid\u00e9os et sites h\u00e9berg\u00e9s doit donc \u00eatre en compliance avec la loi de la F\u00e9d\u00e9ration de Russie. Nous ne r\u00e9pondons qu&rsquo;aux requ\u00eates \u00e9mises par les autorit\u00e9s russes et ignorons toutes les autres.<\/p>\n<p>Nous refusons les contenus faisant l&rsquo;apologie ou\/et la promotion du nazisme, de l&rsquo;homosexualit\u00e9, du suicide, du terrorisme et des organisations class\u00e9es comme terroristes en Russie, de l&rsquo;usage et\/ou la fabrication de narcotiques, et ne respectant pas les Droits d&rsquo;Auteur. TVS24 de sa propre initiative ajoute \u00e0 cette liste d&rsquo;interdictions les contenus pornographiques et les contenus de \u00ab\u00a0warez\u00a0\u00bb.<\/p>\n<p>Nous offrons un service personnalis\u00e9 24 heures sur 24, nous parlons tous fran\u00e7ais anglais et russe. Nous pouvons d\u00e9velopper sur demande tout script ou logiciel (python php perl c++) et h\u00e9berger tout type de Service sur nos serveurs \u00e0 un cout tr\u00e8s attrayant. Nos designers peuvent aussi r\u00e9aliser vos banni\u00e8res et mat\u00e9riel graphique.<\/p>\n<p>N&rsquo;h\u00e9sitez pas \u00e0 nous contacter pour toute demande!<\/p>\n<p>TVS24<\/p>\n","protected":false},"excerpt":{"rendered":"<div class=\"mh-excerpt\">TVS24 est un service h\u00e9berg\u00e9 en Russie, dirig\u00e9 par des citoyens russes vivant en Russie (\u00e0 Moscou et en Sib\u00e9rie). Le contenu des vid\u00e9os et sites h\u00e9berg\u00e9s doit donc \u00eatre en compliance avec la loi <a class=\"mh-excerpt-more\" href=\"https:\/\/tvs24.ru\/fr\/\" title=\"\">[&#8230;]<\/a><\/div>\n","protected":false},"author":1,"featured_media":0,"parent":0,"menu_order":0,"comment_status":"closed","ping_status":"closed","template":"","meta":{"footnotes":""},"class_list":["post-13","page","type-page","status-publish"],"_links":{"self":[{"href":"https:\/\/tvs24.ru\/fr\/wp-json\/wp\/v2\/pages\/13","targetHints":{"allow":["GET"]}}],"collection":[{"href":"https:\/\/tvs24.ru\/fr\/wp-json\/wp\/v2\/pages"}],"about":[{"href":"https:\/\/tvs24.ru\/fr\/wp-json\/wp\/v2\/types\/page"}],"author":[{"embeddable":true,"href":"https:\/\/tvs24.ru\/fr\/wp-json\/wp\/v2\/users\/1"}],"replies":[{"embeddable":true,"href":"https:\/\/tvs24.ru\/fr\/wp-json\/wp\/v2\/comments?post=13"}],"version-history":[{"count":11,"href":"https:\/\/tvs24.ru\/fr\/wp-json\/wp\/v2\/pages\/13\/revisions"}],"predecessor-version":[{"id":55,"href":"https:\/\/tvs24.ru\/fr\/wp-json\/wp\/v2\/pages\/13\/revisions\/55"}],"wp:attachment":[{"href":"https:\/\/tvs24.ru\/fr\/wp-json\/wp\/v2\/media?parent=13"}],"curies":[{"name":"wp","href":"https:\/\/api.w.org\/{rel}","templated":true}]}}